{"id":1987,"date":"2019-06-28T14:23:09","date_gmt":"2019-06-28T14:23:09","guid":{"rendered":"http:\/\/aetosdrones.be\/politique-de-confidentialite\/"},"modified":"2019-06-28T14:23:10","modified_gmt":"2019-06-28T14:23:10","slug":"politique-de-confidentialite","status":"publish","type":"page","link":"https:\/\/sensor-ids.be\/fr\/politique-de-confidentialite\/","title":{"rendered":"Politique de Confidentialit\u00e9"},"content":{"rendered":"<p>[et_pb_section bb_built=\u00a0\u00bb1&Prime; specialty=\u00a0\u00bboff\u00a0\u00bb parallax_method=\u00a0\u00bboff\u00a0\u00bb module_class=\u00a0\u00bbpage-info skip-styling\u00a0\u00bb custom_padding_tablet=\u00a0\u00bb50px|0|50px|0&Prime; custom_padding_last_edited=\u00a0\u00bboff|desktop\u00a0\u00bb background_color=\u00a0\u00bb#ffffff\u00a0\u00bb _builder_version=\u00a0\u00bb3.21&Prime; custom_padding=\u00a0\u00bb0px|||\u00a0\u00bb][et_pb_row parallax_method=\u00a0\u00bboff\u00a0\u00bb parallax_method_1=\u00a0\u00bboff\u00a0\u00bb column_padding_mobile=\u00a0\u00bbon\u00a0\u00bb background_position=\u00a0\u00bbtop_left\u00a0\u00bb background_repeat=\u00a0\u00bbrepeat\u00a0\u00bb background_size=\u00a0\u00bbinitial\u00a0\u00bb _builder_version=\u00a0\u00bb3.21&Prime; custom_padding=\u00a0\u00bb0px||0px|\u00a0\u00bb global_module=\u00a0\u00bb445&Prime;][et_pb_column type=\u00a0\u00bb4_4&Prime;][et_pb_text global_parent=\u00a0\u00bb445&Prime; background_layout=\u00a0\u00bblight\u00a0\u00bb text_orientation=\u00a0\u00bbleft\u00a0\u00bb use_border_color=\u00a0\u00bboff\u00a0\u00bb border_color=\u00a0\u00bb#ffffff\u00a0\u00bb border_style=\u00a0\u00bbsolid\u00a0\u00bb background_position=\u00a0\u00bbtop_left\u00a0\u00bb background_repeat=\u00a0\u00bbrepeat\u00a0\u00bb background_size=\u00a0\u00bbinitial\u00a0\u00bb]<\/p>\n<span><span><a href=\"https:\/\/www.sensor-ids.be\/fr\/\">Home<\/a><\/span>\n<p>[\/et_pb_text][\/et_pb_column][\/et_pb_row][et_pb_row background_position=\u00a0\u00bbtop_left\u00a0\u00bb background_repeat=\u00a0\u00bbrepeat\u00a0\u00bb background_size=\u00a0\u00bbinitial\u00a0\u00bb][et_pb_column type=\u00a0\u00bb4_4&Prime;][et_pb_text use_border_color=\u00a0\u00bboff\u00a0\u00bb border_color=\u00a0\u00bb#ffffff\u00a0\u00bb border_style=\u00a0\u00bbsolid\u00a0\u00bb background_position=\u00a0\u00bbtop_left\u00a0\u00bb background_repeat=\u00a0\u00bbrepeat\u00a0\u00bb background_size=\u00a0\u00bbinitial\u00a0\u00bb _builder_version=\u00a0\u00bb3.21&Prime;]<\/p>\n<h1>POLITIQUE DE CONFIDENTIALIT\u00c9<\/h1>\n<p>Nous nous rendons compte que vous avez confiance en nous. Nous le consid\u00e9rons comme notre responsabilit\u00e9 de prot\u00e9ger votre vie priv\u00e9e. Cette page vous permet de savoir quelles sont les informations que nous recueillons lorsque vous utilisez notre site web, pourquoi nous les recueillons et comment nous aider \u00e0 am\u00e9liorer votre exp\u00e9rience d\u2019usage. Ainsi, vous comprenez exactement comment nous travaillons. Cette politique de confidentialit\u00e9 s&rsquo;applique aux services de Sensor IDS. Vous devez vous en rendre compte que Sensor IDS n&rsquo;est pas responsable de politiques de confidentialit\u00e9 d\u2019autres sites et sources. En utilisant notre site, vous acceptez la politique de confidentialit\u00e9. Sensor IDS respecte la vie priv\u00e9e de tous les utilisateurs de son site et veille \u00e0 ce que les renseignements personnels que vous fournissez sont trait\u00e9es de mani\u00e8re confidentielle.<\/p>\n<h2>NOTRE UTILISATION DES DONN\u00c9ES RECUEILLIES<\/h2>\n<h3>UTILISATION DE NOS SERVICES<\/h3>\n<p>Lorsque vous vous inscrivez \u00e0 un de nos services, nous vous demandons de fournir des donn\u00e9es personnelles ou commerciales. Ces donn\u00e9es sont utilis\u00e9es pour effectuer le service. Les donn\u00e9es sont stock\u00e9es sur des serveurs s\u00e9curis\u00e9s de Sensor IDS ou celles d&rsquo;un tiers. Nous ne combinons pas ces donn\u00e9es fournies avec d&rsquo;autres donn\u00e9es personnelles dont nous poss\u00e9dons.<\/p>\n<h3>COMMUNICATIONS<\/h3>\n<p>Lorsque vous nous envoyez un e-mail ou d&rsquo;autres messages, nous pouvons conserver ces communications. Parfois, nous demandons vos donn\u00e9es personnelles pertinentes \u00e0 la situation particuli\u00e8re. Cela nous permet de traiter vos demandes et de r\u00e9pondre \u00e0 vos demandes. Les donn\u00e9es sont stock\u00e9es sur des serveurs s\u00e9curis\u00e9s de Sensor IDS ou celles d&rsquo;un tiers. Nous ne combinons pas ces donn\u00e9es fournies avec d&rsquo;autres donn\u00e9es personnelles dont nous poss\u00e9dons.<\/p>\n<h3>COOKIES<\/h3>\n<p>Nous recueillons des donn\u00e9es pour acqu\u00e9rir une meilleure compr\u00e9hension de nos clients afin que nous puissions adapter nos services. Ce site utilise des \u00ab cookies \u00bb (de petits fichiers texte stock\u00e9s sur votre ordinateur) pour aider le site \u00e0 analyser la fa\u00e7on dont les utilisateurs utilisent le site. Les informations concernant votre utilisation du site g\u00e9n\u00e9r\u00e9 par le cookie peuvent \u00eatre transmis \u00e0 des serveurs s\u00e9curis\u00e9s de Sensor IDS ou celles d&rsquo;un tiers. Nous utilisons ces informations pour analyser la fa\u00e7on dont vous utilisez le site, \u00e9tablir des rapports sur l&rsquo;activit\u00e9 du site web et offrir d&rsquo;autres services li\u00e9s \u00e0 l&rsquo;activit\u00e9 du site web et l&rsquo;utilisation de l\u2019Internet.<\/p>\n<h3>OBJECTIFS<\/h3>\n<p>Nous ne recueillons pas ou n\u2019utilisons pas d\u2019informations pour des objectifs autres que les objectifs d\u00e9crits dans la pr\u00e9sente Politique de confidentialit\u00e9, \u00e0 moins que nous avions obtenu votre consentement pr\u00e9c\u00e9demment.<\/p>\n<h3>TIERS<\/h3>\n<p>Les informations ne sont pas partag\u00e9es avec des tiers. Dans certains cas, les informations peuvent \u00eatre partag\u00e9es en interne. Nos employ\u00e9s sont tenus de respecter la confidentialit\u00e9 de vos informations.<\/p>\n<h2>MODIFICATIONS<\/h2>\n<p>Cette d\u00e9claration de confidentialit\u00e9 est adapt\u00e9e \u00e0 l&rsquo;utilisation et les capacit\u00e9s de ce site. Toute modification et\/ou adaptation \u00e0 ce site, peut entra\u00eener des changements dans cette d\u00e9claration de confidentialit\u00e9. Il est donc conseill\u00e9 de v\u00e9rifier r\u00e9guli\u00e8rement cette d\u00e9claration de confidentialit\u00e9.<\/p>\n<h2>D\u00c9SACTIVER LES COOKIES<\/h2>\n<p>La plupart des navigateurs sont configur\u00e9s pour accepter les cookies, mais vous pouvez configurer votre navigateur pour refuser tous les cookies ou pour indiquer quand un cookie est envoy\u00e9. Il est possible que certaines fonctions et services sur notre et autres sites ne peuvent pas fonctionner correctement si les cookies sont d\u00e9sactiv\u00e9s dans votre navigateur.<\/p>\n<p>[\/et_pb_text][et_pb_code _builder_version=\u00a0\u00bb3.21&Prime;]<\/p>\n<style><!-- [et_pb_line_break_holder] -->#main-header a{<!-- [et_pb_line_break_holder] -->color: #25a4dd!important;<!-- [et_pb_line_break_holder] -->}<!-- [et_pb_line_break_holder] --><\/style>\n<p>[\/et_pb_code][\/et_pb_column][\/et_pb_row][\/et_pb_section]<\/p>\n","protected":false},"excerpt":{"rendered":"<p><span><span><a href=\"https:\/\/www.sensor-ids.be\/fr\/\">Home<\/a><\/span> POLITIQUE DE CONFIDENTIALIT\u00c9 Nous nous rendons compte que vous avez confiance en nous. Nous le consid\u00e9rons comme notre responsabilit\u00e9 de prot\u00e9ger votre vie priv\u00e9e. Cette page vous permet de savoir quelles sont les informations que nous recueillons lorsque vous utilisez notre site web, pourquoi nous les recueillons et comment nous aider \u00e0 am\u00e9liorer votre [&hellip;]<\/p>\n","protected":false},"author":9,"featured_media":0,"parent":0,"menu_order":0,"comment_status":"closed","ping_status":"closed","template":"","meta":{"_et_pb_use_builder":"on","_et_pb_old_content":"","_et_gb_content_width":""},"yoast_head":"<!-- This site is optimized with the Yoast SEO plugin v19.10 - https:\/\/yoast.com\/wordpress\/plugins\/seo\/ -->\n<title>Politique de Confidentialit\u00e9 - Sensor IDS<\/title>\n<meta name=\"description\" content=\"Politique de Confidentialit\u00e9 \u2713 Kosten- en tijdsbesparend \u2713 Verhoogt de veiligheid \u2713 Professionele piloten\" \/>\n<meta name=\"robots\" content=\"index, follow, max-snippet:-1, max-image-preview:large, max-video-preview:-1\" \/>\n<link rel=\"canonical\" href=\"https:\/\/sensor-ids.be\/fr\/politique-de-confidentialite\/\" \/>\n<meta property=\"og:locale\" content=\"fr_FR\" \/>\n<meta property=\"og:type\" content=\"article\" \/>\n<meta property=\"og:title\" content=\"Politique de Confidentialit\u00e9 - Sensor IDS\" \/>\n<meta property=\"og:description\" content=\"Politique de Confidentialit\u00e9 \u2713 Kosten- en tijdsbesparend \u2713 Verhoogt de veiligheid \u2713 Professionele piloten\" \/>\n<meta property=\"og:url\" content=\"https:\/\/sensor-ids.be\/fr\/politique-de-confidentialite\/\" \/>\n<meta property=\"og:site_name\" content=\"Sensor IDS\" \/>\n<meta property=\"article:publisher\" content=\"https:\/\/www.facebook.com\/haviqdrones\" \/>\n<meta property=\"article:modified_time\" content=\"2019-06-28T14:23:10+00:00\" \/>\n<meta property=\"og:image\" content=\"https:\/\/sensor-ids.be\/wp-content\/uploads\/7R9A0616-scaled.jpg\" \/>\n\t<meta property=\"og:image:width\" content=\"2560\" \/>\n\t<meta property=\"og:image:height\" content=\"1707\" \/>\n\t<meta property=\"og:image:type\" content=\"image\/jpeg\" \/>\n<meta name=\"twitter:card\" content=\"summary_large_image\" \/>\n<meta name=\"twitter:label1\" content=\"Dur\u00e9e de lecture estim\u00e9e\" \/>\n\t<meta name=\"twitter:data1\" content=\"4 minutes\" \/>\n<script type=\"application\/ld+json\" class=\"yoast-schema-graph\">{\"@context\":\"https:\/\/schema.org\",\"@graph\":[{\"@type\":\"WebPage\",\"@id\":\"https:\/\/sensor-ids.be\/fr\/politique-de-confidentialite\/\",\"url\":\"https:\/\/sensor-ids.be\/fr\/politique-de-confidentialite\/\",\"name\":\"Politique de Confidentialit\u00e9 - Sensor IDS\",\"isPartOf\":{\"@id\":\"https:\/\/www.sensor-ids.be\/#website\"},\"datePublished\":\"2019-06-28T14:23:09+00:00\",\"dateModified\":\"2019-06-28T14:23:10+00:00\",\"description\":\"Politique de Confidentialit\u00e9 \u2713 Kosten- en tijdsbesparend \u2713 Verhoogt de veiligheid \u2713 Professionele piloten\",\"breadcrumb\":{\"@id\":\"https:\/\/sensor-ids.be\/fr\/politique-de-confidentialite\/#breadcrumb\"},\"inLanguage\":\"fr-FR\",\"potentialAction\":[{\"@type\":\"ReadAction\",\"target\":[\"https:\/\/sensor-ids.be\/fr\/politique-de-confidentialite\/\"]}]},{\"@type\":\"BreadcrumbList\",\"@id\":\"https:\/\/sensor-ids.be\/fr\/politique-de-confidentialite\/#breadcrumb\",\"itemListElement\":[{\"@type\":\"ListItem\",\"position\":1,\"name\":\"Home\",\"item\":\"https:\/\/www.sensor-ids.be\/fr\/\"},{\"@type\":\"ListItem\",\"position\":2,\"name\":\"Politique de Confidentialit\u00e9\"}]},{\"@type\":\"WebSite\",\"@id\":\"https:\/\/www.sensor-ids.be\/#website\",\"url\":\"https:\/\/www.sensor-ids.be\/\",\"name\":\"Sensor IDS\",\"description\":\"industrial drone services\",\"publisher\":{\"@id\":\"https:\/\/www.sensor-ids.be\/#organization\"},\"potentialAction\":[{\"@type\":\"SearchAction\",\"target\":{\"@type\":\"EntryPoint\",\"urlTemplate\":\"https:\/\/www.sensor-ids.be\/?s={search_term_string}\"},\"query-input\":\"required name=search_term_string\"}],\"inLanguage\":\"fr-FR\"},{\"@type\":\"Organization\",\"@id\":\"https:\/\/www.sensor-ids.be\/#organization\",\"name\":\"Sensor IDS\",\"url\":\"https:\/\/www.sensor-ids.be\/\",\"logo\":{\"@type\":\"ImageObject\",\"inLanguage\":\"fr-FR\",\"@id\":\"https:\/\/www.sensor-ids.be\/#\/schema\/logo\/image\/\",\"url\":\"https:\/\/sensor-ids.be\/wp-content\/uploads\/HVQ__FULL_B_600DPI.png\",\"contentUrl\":\"https:\/\/sensor-ids.be\/wp-content\/uploads\/HVQ__FULL_B_600DPI.png\",\"width\":\"1763\",\"height\":\"355\",\"caption\":\"Sensor IDS\"},\"image\":{\"@id\":\"https:\/\/www.sensor-ids.be\/#\/schema\/logo\/image\/\"},\"sameAs\":[\"https:\/\/www.linkedin.com\/company\/haviqdrones\",\"https:\/\/www.youtube.com\/channel\/UCNcCS6C6wsk4zTRTIqc0bQA\",\"https:\/\/www.facebook.com\/haviqdrones\"]}]}<\/script>\n<!-- \/ Yoast SEO plugin. -->","yoast_head_json":{"title":"Politique de Confidentialit\u00e9 - Sensor IDS","description":"Politique de Confidentialit\u00e9 \u2713 Kosten- en tijdsbesparend \u2713 Verhoogt de veiligheid \u2713 Professionele piloten","robots":{"index":"index","follow":"follow","max-snippet":"max-snippet:-1","max-image-preview":"max-image-preview:large","max-video-preview":"max-video-preview:-1"},"canonical":"https:\/\/sensor-ids.be\/fr\/politique-de-confidentialite\/","og_locale":"fr_FR","og_type":"article","og_title":"Politique de Confidentialit\u00e9 - Sensor IDS","og_description":"Politique de Confidentialit\u00e9 \u2713 Kosten- en tijdsbesparend \u2713 Verhoogt de veiligheid \u2713 Professionele piloten","og_url":"https:\/\/sensor-ids.be\/fr\/politique-de-confidentialite\/","og_site_name":"Sensor IDS","article_publisher":"https:\/\/www.facebook.com\/haviqdrones","article_modified_time":"2019-06-28T14:23:10+00:00","og_image":[{"width":2560,"height":1707,"url":"https:\/\/sensor-ids.be\/wp-content\/uploads\/7R9A0616-scaled.jpg","type":"image\/jpeg"}],"twitter_card":"summary_large_image","twitter_misc":{"Dur\u00e9e de lecture estim\u00e9e":"4 minutes"},"schema":{"@context":"https:\/\/schema.org","@graph":[{"@type":"WebPage","@id":"https:\/\/sensor-ids.be\/fr\/politique-de-confidentialite\/","url":"https:\/\/sensor-ids.be\/fr\/politique-de-confidentialite\/","name":"Politique de Confidentialit\u00e9 - Sensor IDS","isPartOf":{"@id":"https:\/\/www.sensor-ids.be\/#website"},"datePublished":"2019-06-28T14:23:09+00:00","dateModified":"2019-06-28T14:23:10+00:00","description":"Politique de Confidentialit\u00e9 \u2713 Kosten- en tijdsbesparend \u2713 Verhoogt de veiligheid \u2713 Professionele piloten","breadcrumb":{"@id":"https:\/\/sensor-ids.be\/fr\/politique-de-confidentialite\/#breadcrumb"},"inLanguage":"fr-FR","potentialAction":[{"@type":"ReadAction","target":["https:\/\/sensor-ids.be\/fr\/politique-de-confidentialite\/"]}]},{"@type":"BreadcrumbList","@id":"https:\/\/sensor-ids.be\/fr\/politique-de-confidentialite\/#breadcrumb","itemListElement":[{"@type":"ListItem","position":1,"name":"Home","item":"https:\/\/www.sensor-ids.be\/fr\/"},{"@type":"ListItem","position":2,"name":"Politique de Confidentialit\u00e9"}]},{"@type":"WebSite","@id":"https:\/\/www.sensor-ids.be\/#website","url":"https:\/\/www.sensor-ids.be\/","name":"Sensor IDS","description":"industrial drone services","publisher":{"@id":"https:\/\/www.sensor-ids.be\/#organization"},"potentialAction":[{"@type":"SearchAction","target":{"@type":"EntryPoint","urlTemplate":"https:\/\/www.sensor-ids.be\/?s={search_term_string}"},"query-input":"required name=search_term_string"}],"inLanguage":"fr-FR"},{"@type":"Organization","@id":"https:\/\/www.sensor-ids.be\/#organization","name":"Sensor IDS","url":"https:\/\/www.sensor-ids.be\/","logo":{"@type":"ImageObject","inLanguage":"fr-FR","@id":"https:\/\/www.sensor-ids.be\/#\/schema\/logo\/image\/","url":"https:\/\/sensor-ids.be\/wp-content\/uploads\/HVQ__FULL_B_600DPI.png","contentUrl":"https:\/\/sensor-ids.be\/wp-content\/uploads\/HVQ__FULL_B_600DPI.png","width":"1763","height":"355","caption":"Sensor IDS"},"image":{"@id":"https:\/\/www.sensor-ids.be\/#\/schema\/logo\/image\/"},"sameAs":["https:\/\/www.linkedin.com\/company\/haviqdrones","https:\/\/www.youtube.com\/channel\/UCNcCS6C6wsk4zTRTIqc0bQA","https:\/\/www.facebook.com\/haviqdrones"]}]}},"_links":{"self":[{"href":"https:\/\/sensor-ids.be\/fr\/wp-json\/wp\/v2\/pages\/1987"}],"collection":[{"href":"https:\/\/sensor-ids.be\/fr\/wp-json\/wp\/v2\/pages"}],"about":[{"href":"https:\/\/sensor-ids.be\/fr\/wp-json\/wp\/v2\/types\/page"}],"author":[{"embeddable":true,"href":"https:\/\/sensor-ids.be\/fr\/wp-json\/wp\/v2\/users\/9"}],"replies":[{"embeddable":true,"href":"https:\/\/sensor-ids.be\/fr\/wp-json\/wp\/v2\/comments?post=1987"}],"version-history":[{"count":0,"href":"https:\/\/sensor-ids.be\/fr\/wp-json\/wp\/v2\/pages\/1987\/revisions"}],"wp:attachment":[{"href":"https:\/\/sensor-ids.be\/fr\/wp-json\/wp\/v2\/media?parent=1987"}],"curies":[{"name":"wp","href":"https:\/\/api.w.org\/{rel}","templated":true}]}}