{"id":3619,"date":"2019-08-14T10:17:36","date_gmt":"2019-08-14T10:17:36","guid":{"rendered":"http:\/\/aetosdrones.be\/?page_id=3619"},"modified":"2019-08-14T10:17:36","modified_gmt":"2019-08-14T10:17:36","slug":"politique-de-cookies","status":"publish","type":"page","link":"https:\/\/sensor-ids.be\/fr\/politique-de-cookies\/","title":{"rendered":"Politique de cookies"},"content":{"rendered":"<p>[et_pb_section bb_built=\u00a0\u00bb1&Prime; specialty=\u00a0\u00bboff\u00a0\u00bb parallax_method=\u00a0\u00bboff\u00a0\u00bb module_class=\u00a0\u00bbpage-info skip-styling\u00a0\u00bb custom_padding_tablet=\u00a0\u00bb50px|0|50px|0&Prime; custom_padding_last_edited=\u00a0\u00bboff|desktop\u00a0\u00bb background_color=\u00a0\u00bb#ffffff\u00a0\u00bb _builder_version=\u00a0\u00bb3.21&Prime; custom_padding=\u00a0\u00bb0px|||\u00a0\u00bb inner_width=\u00a0\u00bbauto\u00a0\u00bb inner_max_width=\u00a0\u00bb1080px\u00a0\u00bb][et_pb_row parallax_method=\u00a0\u00bboff\u00a0\u00bb column_padding_mobile=\u00a0\u00bbon\u00a0\u00bb background_position=\u00a0\u00bbtop_left\u00a0\u00bb background_repeat=\u00a0\u00bbrepeat\u00a0\u00bb background_size=\u00a0\u00bbinitial\u00a0\u00bb _builder_version=\u00a0\u00bb3.21&Prime; custom_padding=\u00a0\u00bb0px||0px|\u00a0\u00bb width=\u00a0\u00bb80%\u00a0\u00bb max_width=\u00a0\u00bb1080px\u00a0\u00bb][et_pb_column type=\u00a0\u00bb4_4&Prime; custom_padding__hover=\u00a0\u00bb|||\u00a0\u00bb custom_padding=\u00a0\u00bb|||\u00a0\u00bb][et_pb_text background_layout=\u00a0\u00bblight\u00a0\u00bb text_orientation=\u00a0\u00bbleft\u00a0\u00bb use_border_color=\u00a0\u00bboff\u00a0\u00bb border_color=\u00a0\u00bb#ffffff\u00a0\u00bb border_style=\u00a0\u00bbsolid\u00a0\u00bb background_position=\u00a0\u00bbtop_left\u00a0\u00bb background_repeat=\u00a0\u00bbrepeat\u00a0\u00bb background_size=\u00a0\u00bbinitial\u00a0\u00bb]<\/p>\n<span><span><a href=\"https:\/\/www.sensor-ids.be\/fr\/\">Home<\/a><\/span>\n<p>[\/et_pb_text][\/et_pb_column][\/et_pb_row][et_pb_row background_position=\u00a0\u00bbtop_left\u00a0\u00bb background_repeat=\u00a0\u00bbrepeat\u00a0\u00bb background_size=\u00a0\u00bbinitial\u00a0\u00bb width=\u00a0\u00bb80%\u00a0\u00bb max_width=\u00a0\u00bb1080px\u00a0\u00bb][et_pb_column type=\u00a0\u00bb4_4&Prime; custom_padding__hover=\u00a0\u00bb|||\u00a0\u00bb custom_padding=\u00a0\u00bb|||\u00a0\u00bb][et_pb_text use_border_color=\u00a0\u00bboff\u00a0\u00bb border_color=\u00a0\u00bb#ffffff\u00a0\u00bb border_style=\u00a0\u00bbsolid\u00a0\u00bb background_position=\u00a0\u00bbtop_left\u00a0\u00bb background_repeat=\u00a0\u00bbrepeat\u00a0\u00bb background_size=\u00a0\u00bbinitial\u00a0\u00bb _builder_version=\u00a0\u00bb3.26.7&Prime; text_text_shadow_horizontal_length=\u00a0\u00bbtext_text_shadow_style,%91object Object%93&Prime; text_text_shadow_horizontal_length_tablet=\u00a0\u00bb0px\u00a0\u00bb text_text_shadow_vertical_length=\u00a0\u00bbtext_text_shadow_style,%91object Object%93&Prime; text_text_shadow_vertical_length_tablet=\u00a0\u00bb0px\u00a0\u00bb text_text_shadow_blur_strength=\u00a0\u00bbtext_text_shadow_style,%91object Object%93&Prime; text_text_shadow_blur_strength_tablet=\u00a0\u00bb1px\u00a0\u00bb link_text_shadow_horizontal_length=\u00a0\u00bblink_text_shadow_style,%91object Object%93&Prime; link_text_shadow_horizontal_length_tablet=\u00a0\u00bb0px\u00a0\u00bb link_text_shadow_vertical_length=\u00a0\u00bblink_text_shadow_style,%91object Object%93&Prime; link_text_shadow_vertical_length_tablet=\u00a0\u00bb0px\u00a0\u00bb link_text_shadow_blur_strength=\u00a0\u00bblink_text_shadow_style,%91object Object%93&Prime; link_text_shadow_blur_strength_tablet=\u00a0\u00bb1px\u00a0\u00bb ul_text_shadow_horizontal_length=\u00a0\u00bbul_text_shadow_style,%91object Object%93&Prime; ul_text_shadow_horizontal_length_tablet=\u00a0\u00bb0px\u00a0\u00bb ul_text_shadow_vertical_length=\u00a0\u00bbul_text_shadow_style,%91object Object%93&Prime; ul_text_shadow_vertical_length_tablet=\u00a0\u00bb0px\u00a0\u00bb ul_text_shadow_blur_strength=\u00a0\u00bbul_text_shadow_style,%91object Object%93&Prime; ul_text_shadow_blur_strength_tablet=\u00a0\u00bb1px\u00a0\u00bb ol_text_shadow_horizontal_length=\u00a0\u00bbol_text_shadow_style,%91object Object%93&Prime; ol_text_shadow_horizontal_length_tablet=\u00a0\u00bb0px\u00a0\u00bb ol_text_shadow_vertical_length=\u00a0\u00bbol_text_shadow_style,%91object Object%93&Prime; ol_text_shadow_vertical_length_tablet=\u00a0\u00bb0px\u00a0\u00bb ol_text_shadow_blur_strength=\u00a0\u00bbol_text_shadow_style,%91object Object%93&Prime; ol_text_shadow_blur_strength_tablet=\u00a0\u00bb1px\u00a0\u00bb quote_text_shadow_horizontal_length=\u00a0\u00bbquote_text_shadow_style,%91object Object%93&Prime; quote_text_shadow_horizontal_length_tablet=\u00a0\u00bb0px\u00a0\u00bb quote_text_shadow_vertical_length=\u00a0\u00bbquote_text_shadow_style,%91object Object%93&Prime; quote_text_shadow_vertical_length_tablet=\u00a0\u00bb0px\u00a0\u00bb quote_text_shadow_blur_strength=\u00a0\u00bbquote_text_shadow_style,%91object Object%93&Prime; quote_text_shadow_blur_strength_tablet=\u00a0\u00bb1px\u00a0\u00bb header_text_shadow_horizontal_length=\u00a0\u00bbheader_text_shadow_style,%91object Object%93&Prime; header_text_shadow_horizontal_length_tablet=\u00a0\u00bb0px\u00a0\u00bb header_text_shadow_vertical_length=\u00a0\u00bbheader_text_shadow_style,%91object Object%93&Prime; header_text_shadow_vertical_length_tablet=\u00a0\u00bb0px\u00a0\u00bb header_text_shadow_blur_strength=\u00a0\u00bbheader_text_shadow_style,%91object Object%93&Prime; header_text_shadow_blur_strength_tablet=\u00a0\u00bb1px\u00a0\u00bb header_2_text_shadow_horizontal_length=\u00a0\u00bbheader_2_text_shadow_style,%91object Object%93&Prime; header_2_text_shadow_horizontal_length_tablet=\u00a0\u00bb0px\u00a0\u00bb header_2_text_shadow_vertical_length=\u00a0\u00bbheader_2_text_shadow_style,%91object Object%93&Prime; header_2_text_shadow_vertical_length_tablet=\u00a0\u00bb0px\u00a0\u00bb header_2_text_shadow_blur_strength=\u00a0\u00bbheader_2_text_shadow_style,%91object Object%93&Prime; header_2_text_shadow_blur_strength_tablet=\u00a0\u00bb1px\u00a0\u00bb header_3_text_shadow_horizontal_length=\u00a0\u00bbheader_3_text_shadow_style,%91object Object%93&Prime; header_3_text_shadow_horizontal_length_tablet=\u00a0\u00bb0px\u00a0\u00bb header_3_text_shadow_vertical_length=\u00a0\u00bbheader_3_text_shadow_style,%91object Object%93&Prime; header_3_text_shadow_vertical_length_tablet=\u00a0\u00bb0px\u00a0\u00bb header_3_text_shadow_blur_strength=\u00a0\u00bbheader_3_text_shadow_style,%91object Object%93&Prime; header_3_text_shadow_blur_strength_tablet=\u00a0\u00bb1px\u00a0\u00bb header_4_text_shadow_horizontal_length=\u00a0\u00bbheader_4_text_shadow_style,%91object Object%93&Prime; header_4_text_shadow_horizontal_length_tablet=\u00a0\u00bb0px\u00a0\u00bb header_4_text_shadow_vertical_length=\u00a0\u00bbheader_4_text_shadow_style,%91object Object%93&Prime; header_4_text_shadow_vertical_length_tablet=\u00a0\u00bb0px\u00a0\u00bb header_4_text_shadow_blur_strength=\u00a0\u00bbheader_4_text_shadow_style,%91object Object%93&Prime; header_4_text_shadow_blur_strength_tablet=\u00a0\u00bb1px\u00a0\u00bb header_5_text_shadow_horizontal_length=\u00a0\u00bbheader_5_text_shadow_style,%91object Object%93&Prime; header_5_text_shadow_horizontal_length_tablet=\u00a0\u00bb0px\u00a0\u00bb header_5_text_shadow_vertical_length=\u00a0\u00bbheader_5_text_shadow_style,%91object Object%93&Prime; header_5_text_shadow_vertical_length_tablet=\u00a0\u00bb0px\u00a0\u00bb header_5_text_shadow_blur_strength=\u00a0\u00bbheader_5_text_shadow_style,%91object Object%93&Prime; header_5_text_shadow_blur_strength_tablet=\u00a0\u00bb1px\u00a0\u00bb header_6_text_shadow_horizontal_length=\u00a0\u00bbheader_6_text_shadow_style,%91object Object%93&Prime; header_6_text_shadow_horizontal_length_tablet=\u00a0\u00bb0px\u00a0\u00bb header_6_text_shadow_vertical_length=\u00a0\u00bbheader_6_text_shadow_style,%91object Object%93&Prime; header_6_text_shadow_vertical_length_tablet=\u00a0\u00bb0px\u00a0\u00bb header_6_text_shadow_blur_strength=\u00a0\u00bbheader_6_text_shadow_style,%91object Object%93&Prime; header_6_text_shadow_blur_strength_tablet=\u00a0\u00bb1px\u00a0\u00bb box_shadow_horizontal_tablet=\u00a0\u00bb0px\u00a0\u00bb box_shadow_vertical_tablet=\u00a0\u00bb0px\u00a0\u00bb box_shadow_blur_tablet=\u00a0\u00bb40px\u00a0\u00bb box_shadow_spread_tablet=\u00a0\u00bb0px\u00a0\u00bb z_index_tablet=\u00a0\u00bb500&Prime;]<\/p>\n<h1>Politique de cookies<\/h1>\n<p>Sensor IDS utilise diff\u00e9rents types de cookies (petits fichiers texte qui sont stock\u00e9s sur votre appareil) et des technologies similaires, permettant de recueillir des donn\u00e9es qui sont n\u00e9cessaires pour fournir nos services.<\/p>\n<p>Ces cookies nous permettent de stocker vos pr\u00e9f\u00e9rences et param\u00e8tres, pr\u00e9venir la fraude, mettre un formulaire de contact, d&rsquo;int\u00e9grer des m\u00e9dias sociaux et d&rsquo;analyser les performances de notre site web et des services en ligne.<\/p>\n<p>Pour placer les cookies fonctionnels et en utilisant des cookies analytiques \u00e0 petite \u00e9chelle, qui sont entre autres n\u00e9cessaires pour faire fonctionner un service, Sensor IDS n\u2019a pas besoin de l&rsquo;autorisation pr\u00e9alable de votre part en tant que visiteur. Les cookies fonctionnels sont par exemple des fichiers qui m\u00e9morisent ce qui est dans un panier d\u2019achat num\u00e9riquement. Les cookies d&rsquo;analyse sont g\u00e9n\u00e9ralement utilis\u00e9s pour le suivi des visiteurs et d&rsquo;am\u00e9liorer le site. Ces cookies peuvent ne pas avoir ou peu d&rsquo;impact sur la vie priv\u00e9e du visiteur.<\/p>\n<p>Tous les autres cookies, tels que les cookies de suivi ne sont utilis\u00e9s que si vous avez donn\u00e9 la permission \u00e0 Sensor IDS.<\/p>\n<p>En cliquant sur le bouton \u00ab\u00a0Je suis d&rsquo;accord\u00a0\u00bb, vous indiquez que vous acceptez l&rsquo;utilisation de cookies et le traitement des donn\u00e9es (personnelles) collect\u00e9es et trait\u00e9es \u00e0 l&rsquo;aide de cookies.<\/p>\n<p>Les pop-up veillent \u00e0 ce que l&rsquo;autorisation pr\u00e9alable est demand\u00e9e au visiteur du site. Tel est le cas si les donn\u00e9es statistiques sont \u00e9galement utilis\u00e9es pour \u00e9tablir des profils de visiteurs.<\/p>\n<p>Les cookies (et d&rsquo;autres technologies similaires, telles que Javascript) assurent par exemple que vous pouvez rester connect\u00e9 sur un site web ou les param\u00e8tres g\u00e9ographiques et linguistiques sont m\u00e9moris\u00e9s (fonctionnel).<\/p>\n<p>En outre, les propri\u00e9taires de sites web peuvent utiliser les cookies pour voir combien de fois leurs sites &#8211; et quelles pages &#8211; sont vus par les visiteurs (statistiques). Les cookies sont par exemple appliqu\u00e9s pour l\u2019utilisation d\u2019un bouton \u00ab\u00a0J\u2019aime\u00a0\u00bb (m\u00e9dias sociaux).<\/p>\n<p>Les cookies permettent \u00e9galement de suivre les informations concernant votre utilisation de plusieurs sites web (cookie de suivi). Notre politique de confidentialit\u00e9 et cookies s\u2019applique \u00e0 l&rsquo;utilisation de cookies sur les informations recueillies par Sensor IDS.<\/p>\n<p>Pour plus d&rsquo;informations sur le traitement des informations (personnelles), consultez notre Politique de confidentialit\u00e9.<\/p>\n<p>[\/et_pb_text][et_pb_code _builder_version=\u00a0\u00bb3.21&Prime;]<\/p>\n<style><!-- [et_pb_line_break_holder] -->#main-header a{<!-- [et_pb_line_break_holder] -->color: #25a4dd!important;<!-- [et_pb_line_break_holder] -->}<!-- [et_pb_line_break_holder] --><\/style>\n<p>[\/et_pb_code][\/et_pb_column][\/et_pb_row][\/et_pb_section]<\/p>\n","protected":false},"excerpt":{"rendered":"<p><span><span><a href=\"https:\/\/www.sensor-ids.be\/fr\/\">Home<\/a><\/span> Politique de cookiesSensor IDS utilise diff\u00e9rents types de cookies (petits fichiers texte qui sont stock\u00e9s sur votre appareil) et des technologies similaires, permettant de recueillir des donn\u00e9es qui sont n\u00e9cessaires pour fournir nos services.Ces cookies nous permettent de stocker vos pr\u00e9f\u00e9rences et param\u00e8tres, pr\u00e9venir la fraude, mettre un formulaire de contact, d&rsquo;int\u00e9grer des m\u00e9dias [&hellip;]<\/p>\n","protected":false},"author":9,"featured_media":0,"parent":0,"menu_order":0,"comment_status":"closed","ping_status":"closed","template":"","meta":{"_et_pb_use_builder":"on","_et_pb_old_content":"","_et_gb_content_width":""},"yoast_head":"<!-- This site is optimized with the Yoast SEO plugin v19.10 - https:\/\/yoast.com\/wordpress\/plugins\/seo\/ -->\n<title>Politique de cookies - Sensor IDS<\/title>\n<meta name=\"description\" content=\"Politique de cookies \u2713 Kosten- en tijdsbesparend \u2713 Verhoogt de veiligheid \u2713 Professionele piloten\" \/>\n<meta name=\"robots\" content=\"index, follow, max-snippet:-1, max-image-preview:large, max-video-preview:-1\" \/>\n<link rel=\"canonical\" href=\"https:\/\/sensor-ids.be\/fr\/politique-de-cookies\/\" \/>\n<meta property=\"og:locale\" content=\"fr_FR\" \/>\n<meta property=\"og:type\" content=\"article\" \/>\n<meta property=\"og:title\" content=\"Politique de cookies - Sensor IDS\" \/>\n<meta property=\"og:description\" content=\"Politique de cookies \u2713 Kosten- en tijdsbesparend \u2713 Verhoogt de veiligheid \u2713 Professionele piloten\" \/>\n<meta property=\"og:url\" content=\"https:\/\/sensor-ids.be\/fr\/politique-de-cookies\/\" \/>\n<meta property=\"og:site_name\" content=\"Sensor IDS\" \/>\n<meta property=\"article:publisher\" content=\"https:\/\/www.facebook.com\/haviqdrones\" \/>\n<meta property=\"og:image\" content=\"https:\/\/sensor-ids.be\/wp-content\/uploads\/7R9A0616-scaled.jpg\" \/>\n\t<meta property=\"og:image:width\" content=\"2560\" \/>\n\t<meta property=\"og:image:height\" content=\"1707\" \/>\n\t<meta property=\"og:image:type\" content=\"image\/jpeg\" \/>\n<meta name=\"twitter:card\" content=\"summary_large_image\" \/>\n<meta name=\"twitter:label1\" content=\"Dur\u00e9e de lecture estim\u00e9e\" \/>\n\t<meta name=\"twitter:data1\" content=\"6 minutes\" \/>\n<script type=\"application\/ld+json\" class=\"yoast-schema-graph\">{\"@context\":\"https:\/\/schema.org\",\"@graph\":[{\"@type\":\"WebPage\",\"@id\":\"https:\/\/sensor-ids.be\/fr\/politique-de-cookies\/\",\"url\":\"https:\/\/sensor-ids.be\/fr\/politique-de-cookies\/\",\"name\":\"Politique de cookies - Sensor IDS\",\"isPartOf\":{\"@id\":\"https:\/\/www.sensor-ids.be\/#website\"},\"datePublished\":\"2019-08-14T10:17:36+00:00\",\"dateModified\":\"2019-08-14T10:17:36+00:00\",\"description\":\"Politique de cookies \u2713 Kosten- en tijdsbesparend \u2713 Verhoogt de veiligheid \u2713 Professionele piloten\",\"breadcrumb\":{\"@id\":\"https:\/\/sensor-ids.be\/fr\/politique-de-cookies\/#breadcrumb\"},\"inLanguage\":\"fr-FR\",\"potentialAction\":[{\"@type\":\"ReadAction\",\"target\":[\"https:\/\/sensor-ids.be\/fr\/politique-de-cookies\/\"]}]},{\"@type\":\"BreadcrumbList\",\"@id\":\"https:\/\/sensor-ids.be\/fr\/politique-de-cookies\/#breadcrumb\",\"itemListElement\":[{\"@type\":\"ListItem\",\"position\":1,\"name\":\"Home\",\"item\":\"https:\/\/www.sensor-ids.be\/fr\/\"},{\"@type\":\"ListItem\",\"position\":2,\"name\":\"Politique de cookies\"}]},{\"@type\":\"WebSite\",\"@id\":\"https:\/\/www.sensor-ids.be\/#website\",\"url\":\"https:\/\/www.sensor-ids.be\/\",\"name\":\"Sensor IDS\",\"description\":\"industrial drone services\",\"publisher\":{\"@id\":\"https:\/\/www.sensor-ids.be\/#organization\"},\"potentialAction\":[{\"@type\":\"SearchAction\",\"target\":{\"@type\":\"EntryPoint\",\"urlTemplate\":\"https:\/\/www.sensor-ids.be\/?s={search_term_string}\"},\"query-input\":\"required name=search_term_string\"}],\"inLanguage\":\"fr-FR\"},{\"@type\":\"Organization\",\"@id\":\"https:\/\/www.sensor-ids.be\/#organization\",\"name\":\"Sensor IDS\",\"url\":\"https:\/\/www.sensor-ids.be\/\",\"logo\":{\"@type\":\"ImageObject\",\"inLanguage\":\"fr-FR\",\"@id\":\"https:\/\/www.sensor-ids.be\/#\/schema\/logo\/image\/\",\"url\":\"https:\/\/sensor-ids.be\/wp-content\/uploads\/HVQ__FULL_B_600DPI.png\",\"contentUrl\":\"https:\/\/sensor-ids.be\/wp-content\/uploads\/HVQ__FULL_B_600DPI.png\",\"width\":\"1763\",\"height\":\"355\",\"caption\":\"Sensor IDS\"},\"image\":{\"@id\":\"https:\/\/www.sensor-ids.be\/#\/schema\/logo\/image\/\"},\"sameAs\":[\"https:\/\/www.linkedin.com\/company\/haviqdrones\",\"https:\/\/www.youtube.com\/channel\/UCNcCS6C6wsk4zTRTIqc0bQA\",\"https:\/\/www.facebook.com\/haviqdrones\"]}]}<\/script>\n<!-- \/ Yoast SEO plugin. -->","yoast_head_json":{"title":"Politique de cookies - Sensor IDS","description":"Politique de cookies \u2713 Kosten- en tijdsbesparend \u2713 Verhoogt de veiligheid \u2713 Professionele piloten","robots":{"index":"index","follow":"follow","max-snippet":"max-snippet:-1","max-image-preview":"max-image-preview:large","max-video-preview":"max-video-preview:-1"},"canonical":"https:\/\/sensor-ids.be\/fr\/politique-de-cookies\/","og_locale":"fr_FR","og_type":"article","og_title":"Politique de cookies - Sensor IDS","og_description":"Politique de cookies \u2713 Kosten- en tijdsbesparend \u2713 Verhoogt de veiligheid \u2713 Professionele piloten","og_url":"https:\/\/sensor-ids.be\/fr\/politique-de-cookies\/","og_site_name":"Sensor IDS","article_publisher":"https:\/\/www.facebook.com\/haviqdrones","og_image":[{"width":2560,"height":1707,"url":"https:\/\/sensor-ids.be\/wp-content\/uploads\/7R9A0616-scaled.jpg","type":"image\/jpeg"}],"twitter_card":"summary_large_image","twitter_misc":{"Dur\u00e9e de lecture estim\u00e9e":"6 minutes"},"schema":{"@context":"https:\/\/schema.org","@graph":[{"@type":"WebPage","@id":"https:\/\/sensor-ids.be\/fr\/politique-de-cookies\/","url":"https:\/\/sensor-ids.be\/fr\/politique-de-cookies\/","name":"Politique de cookies - Sensor IDS","isPartOf":{"@id":"https:\/\/www.sensor-ids.be\/#website"},"datePublished":"2019-08-14T10:17:36+00:00","dateModified":"2019-08-14T10:17:36+00:00","description":"Politique de cookies \u2713 Kosten- en tijdsbesparend \u2713 Verhoogt de veiligheid \u2713 Professionele piloten","breadcrumb":{"@id":"https:\/\/sensor-ids.be\/fr\/politique-de-cookies\/#breadcrumb"},"inLanguage":"fr-FR","potentialAction":[{"@type":"ReadAction","target":["https:\/\/sensor-ids.be\/fr\/politique-de-cookies\/"]}]},{"@type":"BreadcrumbList","@id":"https:\/\/sensor-ids.be\/fr\/politique-de-cookies\/#breadcrumb","itemListElement":[{"@type":"ListItem","position":1,"name":"Home","item":"https:\/\/www.sensor-ids.be\/fr\/"},{"@type":"ListItem","position":2,"name":"Politique de cookies"}]},{"@type":"WebSite","@id":"https:\/\/www.sensor-ids.be\/#website","url":"https:\/\/www.sensor-ids.be\/","name":"Sensor IDS","description":"industrial drone services","publisher":{"@id":"https:\/\/www.sensor-ids.be\/#organization"},"potentialAction":[{"@type":"SearchAction","target":{"@type":"EntryPoint","urlTemplate":"https:\/\/www.sensor-ids.be\/?s={search_term_string}"},"query-input":"required name=search_term_string"}],"inLanguage":"fr-FR"},{"@type":"Organization","@id":"https:\/\/www.sensor-ids.be\/#organization","name":"Sensor IDS","url":"https:\/\/www.sensor-ids.be\/","logo":{"@type":"ImageObject","inLanguage":"fr-FR","@id":"https:\/\/www.sensor-ids.be\/#\/schema\/logo\/image\/","url":"https:\/\/sensor-ids.be\/wp-content\/uploads\/HVQ__FULL_B_600DPI.png","contentUrl":"https:\/\/sensor-ids.be\/wp-content\/uploads\/HVQ__FULL_B_600DPI.png","width":"1763","height":"355","caption":"Sensor IDS"},"image":{"@id":"https:\/\/www.sensor-ids.be\/#\/schema\/logo\/image\/"},"sameAs":["https:\/\/www.linkedin.com\/company\/haviqdrones","https:\/\/www.youtube.com\/channel\/UCNcCS6C6wsk4zTRTIqc0bQA","https:\/\/www.facebook.com\/haviqdrones"]}]}},"_links":{"self":[{"href":"https:\/\/sensor-ids.be\/fr\/wp-json\/wp\/v2\/pages\/3619"}],"collection":[{"href":"https:\/\/sensor-ids.be\/fr\/wp-json\/wp\/v2\/pages"}],"about":[{"href":"https:\/\/sensor-ids.be\/fr\/wp-json\/wp\/v2\/types\/page"}],"author":[{"embeddable":true,"href":"https:\/\/sensor-ids.be\/fr\/wp-json\/wp\/v2\/users\/9"}],"replies":[{"embeddable":true,"href":"https:\/\/sensor-ids.be\/fr\/wp-json\/wp\/v2\/comments?post=3619"}],"version-history":[{"count":0,"href":"https:\/\/sensor-ids.be\/fr\/wp-json\/wp\/v2\/pages\/3619\/revisions"}],"wp:attachment":[{"href":"https:\/\/sensor-ids.be\/fr\/wp-json\/wp\/v2\/media?parent=3619"}],"curies":[{"name":"wp","href":"https:\/\/api.w.org\/{rel}","templated":true}]}}